{"id":8,"date":"2013-11-01T16:29:25","date_gmt":"2013-11-01T16:29:25","guid":{"rendered":"http:\/\/www.nelsonsteinmetz.com\/testweb\/wordpress\/?page_id=2"},"modified":"2016-05-10T13:39:45","modified_gmt":"2016-05-10T13:39:45","slug":"accueil-2","status":"publish","type":"page","link":"https:\/\/esars.scicog.fr\/","title":{"rendered":"Accueil"},"content":{"rendered":"<h3>GDR ESARS<\/h3>\n<p>L&#8217;interdisciplinarit\u00e9 et la transdisciplinarit\u00e9 sont des priorit\u00e9s actuelles en recherche.<br \/>\nLe <em>GDR Esth\u00e9tique Arts &amp; Sciences <\/em>(ESARS) dirig\u00e9 par Zo\u00ef Kapoula, \u00a0directrice de recherche au CNRS,\u00a0est une structure du CNRS centr\u00e9e\u00a0sur cet objectif. Ce GDR regroupe de nombreux chercheurs, enseignants et artistes qui repoussent les fronti\u00e8res de leurs disciplines et prennent le risque d&#8217;entreprendre des recherches sur l&#8217;Art et l&#8217;Esth\u00e9tique.<\/td>\n","protected":false},"excerpt":{"rendered":"<p>GDR ESARS L&#8217;interdisciplinarit\u00e9 et la transdisciplinarit\u00e9 sont des priorit\u00e9s actuelles en recherche. Le GDR Esth\u00e9tique Arts &amp; Sciences (ESARS) dirig\u00e9 par Zo\u00ef Kapoula, \u00a0directrice de recherche au CNRS,\u00a0est une structure du CNRS centr\u00e9e\u00a0sur cet objectif. Ce GDR regroupe de nombreux chercheurs, enseignants et artistes qui repoussent les fronti\u00e8res de leurs disciplines et prennent le risque [&hellip;]<\/p>\n","protected":false},"author":1,"featured_media":0,"parent":0,"menu_order":0,"comment_status":"closed","ping_status":"closed","template":"","meta":[],"_links":{"self":[{"href":"https:\/\/esars.scicog.fr\/index.php?rest_route=\/wp\/v2\/pages\/8"}],"collection":[{"href":"https:\/\/esars.scicog.fr\/index.php?rest_route=\/wp\/v2\/pages"}],"about":[{"href":"https:\/\/esars.scicog.fr\/index.php?rest_route=\/wp\/v2\/types\/page"}],"author":[{"embeddable":true,"href":"https:\/\/esars.scicog.fr\/index.php?rest_route=\/wp\/v2\/users\/1"}],"replies":[{"embeddable":true,"href":"https:\/\/esars.scicog.fr\/index.php?rest_route=%2Fwp%2Fv2%2Fcomments&post=8"}],"version-history":[{"count":40,"href":"https:\/\/esars.scicog.fr\/index.php?rest_route=\/wp\/v2\/pages\/8\/revisions"}],"predecessor-version":[{"id":466,"href":"https:\/\/esars.scicog.fr\/index.php?rest_route=\/wp\/v2\/pages\/8\/revisions\/466"}],"wp:attachment":[{"href":"https:\/\/esars.scicog.fr\/index.php?rest_route=%2Fwp%2Fv2%2Fmedia&parent=8"}],"curies":[{"name":"wp","href":"https:\/\/api.w.org\/{rel}","templated":true}]}}