{"id":491,"date":"2016-05-10T14:12:33","date_gmt":"2016-05-10T14:12:33","guid":{"rendered":"http:\/\/esars.scicog.fr\/?page_id=491"},"modified":"2017-06-20T06:51:27","modified_gmt":"2017-06-20T06:51:27","slug":"offres","status":"publish","type":"page","link":"https:\/\/esars.scicog.fr\/?page_id=491","title":{"rendered":"Offres"},"content":{"rendered":"<h2>GDR ESARS &#8211; Appel \u00e0 projets : La cr\u00e9ation des nouveaux paradigmes<\/h2>\n<p>Le GDR ESARS lance un appel \u00e0 projets sur la th\u00e9matique &#8220;Arts et Sciences&#8221;.<\/p>\n<p>L&#8217;objectif est de promouvoir la transdisciplinarit\u00e9, la cr\u00e9ativit\u00e9 scientifique et l&#8217;invention de nouveaux paradigmes exp\u00e9rimentaux repoussant les fronti\u00e8res \u00e9pist\u00e9mologiques, conceptuelles, structurelles et exp\u00e9rimentales.<\/p>\n<p>Le terrain d\u2019\u00e9tude est laiss\u00e9 libre : en institut, dans les mus\u00e9es, street art, art environnemental \u00a0&#8230; Nous seront toutefois tr\u00e8s sensibles aux projets \u00e9manant de scientifiques qui, forts de leur discipline, d\u00e9sirent s&#8217;aventurer dans la recherche de nouveaux paradigmes, sur le terrain et hors laboratoire.<\/p>\n<p>Les recherches peuvent concerner l&#8217;artiste ou le r\u00e9cepteur de l&#8217;\u0153uvre, l\u2019\u0153uvre elle-m\u00eame, le lieu de son exposition o\u00f9 plusieurs de ces axes.<\/p>\n<p>Les bin\u00f4mes chercheurs\/artistes sont aussi les bienvenus ! Les artistes peuvent cependant proposer seuls un projet, laissant au comit\u00e9 de pilotage du GDR ESARS le soin d\u2019identifier un scientifique d\u00e9sirant entreprendre des recherches avec lui.<\/p>\n<p>Selon vos choix le GDR ESARS peut vous aider \u00e0 obtenir un accueil dans de nouvelles institutions culturelles et des mus\u00e9es comme le Grand palais, le palais de Tokyo, Beaubourg ou le Quai Branly.<\/p>\n<p>Toutes les propositions, m\u00eame celles financ\u00e9es par cet appel \u00e0 projets, seront retenues et feront l&#8217;objet d&#8217;une anthologie d&#8217;intelligence collective publi\u00e9e dans un ouvrage avec l&#8217;accord des auteurs.\u00a0 Pour ce faire nous demandons une description succincte (maximum deux pages) du projet, incluant: Probl\u00e9matique &amp; Objectif(s) \u2013 M\u00e9thode exp\u00e9rimentale &amp; Moyens d\u00e9ploy\u00e9s \u2013 R\u00e9sultats \u00a0attendus et impact scientifique artistique et soci\u00e9tal \u2013 Calendrier et budget.<\/p>\n<p>Les laur\u00e9ats recevrons une enveloppe de 1500 euros pour mener \u00e0 bien leurs projets.<\/p>\n<p>Envoyez vos projets en format .pdf avant 13:00 le 17 juillet 2017, \u00e0\u00a0:<\/p>\n<p><a href=\"mailto:zoi.kapoula@gmail.com\">zoi.kapoula@gmail.com<\/a>;\u00a0<a href=\"mailto:julien.renoult@cefe.cnrs.fr\">julien.renoult@cefe.cnrs.fr<\/a><\/p>\n","protected":false},"excerpt":{"rendered":"<p>GDR ESARS &#8211; Appel \u00e0 projets : La cr\u00e9ation des nouveaux paradigmes Le GDR ESARS lance un appel \u00e0 projets sur la th\u00e9matique &#8220;Arts et Sciences&#8221;. L&#8217;objectif est de promouvoir la transdisciplinarit\u00e9, la cr\u00e9ativit\u00e9 scientifique et l&#8217;invention de nouveaux paradigmes exp\u00e9rimentaux repoussant les fronti\u00e8res \u00e9pist\u00e9mologiques, conceptuelles, structurelles et exp\u00e9rimentales. Le terrain d\u2019\u00e9tude est laiss\u00e9 libre [&hellip;]<\/p>\n","protected":false},"author":37,"featured_media":0,"parent":0,"menu_order":0,"comment_status":"closed","ping_status":"closed","template":"","meta":[],"_links":{"self":[{"href":"https:\/\/esars.scicog.fr\/index.php?rest_route=\/wp\/v2\/pages\/491"}],"collection":[{"href":"https:\/\/esars.scicog.fr\/index.php?rest_route=\/wp\/v2\/pages"}],"about":[{"href":"https:\/\/esars.scicog.fr\/index.php?rest_route=\/wp\/v2\/types\/page"}],"author":[{"embeddable":true,"href":"https:\/\/esars.scicog.fr\/index.php?rest_route=\/wp\/v2\/users\/37"}],"replies":[{"embeddable":true,"href":"https:\/\/esars.scicog.fr\/index.php?rest_route=%2Fwp%2Fv2%2Fcomments&post=491"}],"version-history":[{"count":5,"href":"https:\/\/esars.scicog.fr\/index.php?rest_route=\/wp\/v2\/pages\/491\/revisions"}],"predecessor-version":[{"id":563,"href":"https:\/\/esars.scicog.fr\/index.php?rest_route=\/wp\/v2\/pages\/491\/revisions\/563"}],"wp:attachment":[{"href":"https:\/\/esars.scicog.fr\/index.php?rest_route=%2Fwp%2Fv2%2Fmedia&parent=491"}],"curies":[{"name":"wp","href":"https:\/\/api.w.org\/{rel}","templated":true}]}}