{"id":485,"date":"2016-05-10T14:02:20","date_gmt":"2016-05-10T14:02:20","guid":{"rendered":"http:\/\/esars.scicog.fr\/?page_id=485"},"modified":"2016-06-02T13:47:31","modified_gmt":"2016-06-02T13:47:31","slug":"membres-2","status":"publish","type":"page","link":"https:\/\/esars.scicog.fr\/?page_id=485","title":{"rendered":"Membres"},"content":{"rendered":"<p>Liste Membres GDR ESARS\u00a0:<\/p>\n<p>LUBART\u00a0 Todd, Univ Paris Descartes,\u00a0 todd.lubart@univ-paris5.fr<br \/>\nGEORGE Nathalie, SAN Team, ICM,nathalie.george@upmc.fr<br \/>\nDE VICO FALLANI Fabrizio INRIA, ICM, fabrizio.devicofallani@gmail.com<br \/>\nBACHRACH\u00a0 Asaf, UMR 7023, asafbac@gmail.com<br \/>\nLONDERO Alain, HEGP, alain.londero@aphp.fr<br \/>\nBIGOT-DOLL Eglantine, MAP-ARIA, ENSA, eglantine.bigot-doll@lyon.archi.fr<br \/>\nKALENINE Sol\u00e8ne, SCA-LAB, CNRS, solene.kalenine@univ-lille3.fr<br \/>\nAUCOUTURIER Jean-Julien, IRCAM, CNRS, aucouturier@gmail.com<br \/>\nBIGO Louis, EHU\/UPV, IRCAM, louis.bigo@ircam.fr<br \/>\nBAROIN Gilles, Univ Toulouse, gilles.baroin@univ-tlse2.fr<br \/>\nDESTEXHE\u00a0 Alain, UNIC, CNRS, destexhe@unic.cnrs-gif.fr<br \/>\nFOUBERT Luc, UNIC, CNRS, foubert@unic.cnrs-gif.fr<br \/>\nLESTEL Dominique, ENS, MNHM, dominique.lestel@ens.fr<br \/>\nBEZERRA DE MELO DALY Gabriela, ENS, gabriela.daly@college-de-france.fr<br \/>\nBOVET Jeanne, CNRS-UMR 5554, jeanne.bovet@univ-montp2.fr<br \/>\nKREUTZER\u00a0 Michel, Univ Paris 10, michel.kreutzer@u-paris10.fr<br \/>\nMIGNEROT Vincent, vmignerot@gmail.com<br \/>\nFABRRI-LAWSON Delphine,\u00a0 Anahata, d.fabbrilawson@ana-h-ata.org<br \/>\nLEROUX Claire, ESIEA, claire.leroux@esiea.fr<br \/>\nKISSELEVA Olga, olga.kisseleva@gmail.com<br \/>\nBACQUET Herv\u00e9, Univ Paris 1, Herve.Bacquet@univ-paris1.fr<br \/>\nLAVAUD Sophie, sophie-lavaud@neuf.fr<br \/>\nLIPPI Daria, FAA, daria.lippi@me.com<br \/>\nWEBER\u00a0 Pascale, Univ Paris 1, pascaleweber@hantu.fr<br \/>\nDELSEAUX Jean,\u00a0 Institut Pascal- UMR 6602, jean.delsaux@udamail.fr<br \/>\nALLOUCHE Jean \u2013 Paul, CNRS, jean-paul.allouche@imj-prg.fr<br \/>\nBRESSAN Yannick, CNRS<br \/>\nSPARROW Laurent,\u00a0 SCA-LAB, laurent.sparrow@univ-lille3.fr<br \/>\nPELLETIER J\u00e9r\u00f4me, EHESS, jerome.pelletier@ehess.fr<br \/>\nLOCHER\u00a0 Paul, Montclair State U, locherp@mail.montclair.edu<br \/>\nTRENTINI\u00a0 Bruno, Univ Paris 1, b.trentini@laposte.net<br \/>\nBRUTER\u00a0\u00a0 Claude, ESMA, bruter@univ-paris12.fr<br \/>\nCHEN\u00a0 Chu \u2013 Yin, INREV \u2013 AIAC, Univ Paris 8, chu-yin.chen@univ-paris8.fr<\/p>\n<p>Directeur\u00a0:<br \/>\nKAPOULA\u00a0 Zo\u00ef, CNRS, Univ Paris Descartes, zoi.kapoula@gmail.com<\/p>\n<p>Comit\u00e9 de Pilotage\u00a0:<\/p>\n<p>RENOULT Julien, CNRS, jurenoult@gmail.com<br \/>\nVOLLE Emmanuelle, INSERM, ICM, emmavolle@gmail.com<br \/>\nANDREATTA Moreno, CNRS, IRCAM, moreno.andreatta@ircam.fr<\/p>\n<p>Membre Honorifique \/ Cofondateur du groupe ECEM (Esth\u00e9tique Compl\u00e9xit\u00e9 Exp\u00e9rimentations Mod\u00e9lisations)\u00a0:<\/p>\n<p>LESTOCART\u00a0 Louis \u2013 Jos\u00e9, CNRS<br \/>\nSIFIANOS Georges, ENSAD, georges.sifianos@ensad.fr<\/p>\n","protected":false},"excerpt":{"rendered":"<p>Liste Membres GDR ESARS\u00a0: LUBART\u00a0 Todd, Univ Paris Descartes,\u00a0 todd.lubart@univ-paris5.fr GEORGE Nathalie, SAN Team, ICM,nathalie.george@upmc.fr DE VICO FALLANI Fabrizio INRIA, ICM, fabrizio.devicofallani@gmail.com BACHRACH\u00a0 Asaf, UMR 7023, asafbac@gmail.com LONDERO Alain, HEGP, alain.londero@aphp.fr BIGOT-DOLL Eglantine, MAP-ARIA, ENSA, eglantine.bigot-doll@lyon.archi.fr KALENINE Sol\u00e8ne, SCA-LAB, CNRS, solene.kalenine@univ-lille3.fr AUCOUTURIER Jean-Julien, IRCAM, CNRS, aucouturier@gmail.com BIGO Louis, EHU\/UPV, IRCAM, louis.bigo@ircam.fr BAROIN Gilles, Univ Toulouse, [&hellip;]<\/p>\n","protected":false},"author":37,"featured_media":0,"parent":0,"menu_order":0,"comment_status":"closed","ping_status":"closed","template":"","meta":[],"_links":{"self":[{"href":"https:\/\/esars.scicog.fr\/index.php?rest_route=\/wp\/v2\/pages\/485"}],"collection":[{"href":"https:\/\/esars.scicog.fr\/index.php?rest_route=\/wp\/v2\/pages"}],"about":[{"href":"https:\/\/esars.scicog.fr\/index.php?rest_route=\/wp\/v2\/types\/page"}],"author":[{"embeddable":true,"href":"https:\/\/esars.scicog.fr\/index.php?rest_route=\/wp\/v2\/users\/37"}],"replies":[{"embeddable":true,"href":"https:\/\/esars.scicog.fr\/index.php?rest_route=%2Fwp%2Fv2%2Fcomments&post=485"}],"version-history":[{"count":5,"href":"https:\/\/esars.scicog.fr\/index.php?rest_route=\/wp\/v2\/pages\/485\/revisions"}],"predecessor-version":[{"id":520,"href":"https:\/\/esars.scicog.fr\/index.php?rest_route=\/wp\/v2\/pages\/485\/revisions\/520"}],"wp:attachment":[{"href":"https:\/\/esars.scicog.fr\/index.php?rest_route=%2Fwp%2Fv2%2Fmedia&parent=485"}],"curies":[{"name":"wp","href":"https:\/\/api.w.org\/{rel}","templated":true}]}}