{"id":478,"date":"2016-05-10T13:59:07","date_gmt":"2016-05-10T13:59:07","guid":{"rendered":"http:\/\/esars.scicog.fr\/?page_id=478"},"modified":"2018-08-13T07:38:33","modified_gmt":"2018-08-13T07:38:33","slug":"actualites-artistiques","status":"publish","type":"page","link":"https:\/\/esars.scicog.fr\/?page_id=478","title":{"rendered":"Actualit\u00e9s artistiques"},"content":{"rendered":"<h2><span style=\"color: #33cccc;\"><a style=\"color: #33cccc;\" href=\"https:\/\/eitnconf-221018.sciencesconf.org\/\">Fall School Art &amp; Science<\/a><\/span><\/h2>\n<h2 id=\"header_subtitle\"><span style=\"color: #33cccc;\">Transdisciplinarity &#8211; increasing scientific and artistic creativity<\/span><\/h2>\n<h4 id=\"header_wheredate\">22-27 Oct 2018 Paris\u00a0(France)<\/h4>\n<h6 style=\"text-align: justify;\">Art is at the crossroad of several disciplines and therefore constitutes a unique experimental configuration to stimulate scientific creativity, transdisciplinarity and epistemological trends on innovative paradigms based on open science, open complex systems, holistic approach, and technologies. The focus will be on the Art and Science interface and on the investigation of beauty and aesthetics. Participants will enjoy a teaching of quality, stimulating their artistic\/scientific creativity. By doing so, we wish to promote transdisciplinary and lay the foundations of a creative science via the articulation of art, neurosciences, science, and engineering.<\/h6>\n<h6><span class=\"event-title\">Each day will be respectively held under these following themes:<br \/>\n<\/span>&#8211; Virtual reality, Augmented reality, Artistic gesture<br \/>\n&#8211; Neurophysiology of aesthetics<br \/>\n&#8211; Music, Mathematics and Brain<br \/>\n&#8211; Creativity, neural bases, neuroimaging<br \/>\n&#8211; The Human Brain, Creation and Science<\/h6>\n<h6><strong>The Art &amp; Science school is organized by:<\/strong><\/h6>\n<h6><strong>Zo\u00ef Kapoula<\/strong>, Director of the GDR ESARS and of the Ecole Th\u00e9matique Art &amp; Science<br \/>\n<strong>Emmanuelle Volle<\/strong>, CNRS-INSERM,\u00a0ICM, CNRS INSERM, UPMC, Salp\u00eatri\u00e8re<br \/>\n<strong>Moreno Andreatta<\/strong>\u00a0(CNRS-Ircam, UMR 9912 STMS, Paris \/ Institute for Advanced Studies, Strasbourg)<br \/>\n<strong>Asaf Bachrach<\/strong>,\u00a0UMR 7023 CNRS Universit\u00e9 Paris 8<br \/>\n<strong>Alain Destexhe<\/strong>, CNRS UNIC EITN, Gif-sur-Yvette<\/h6>\n<h6 style=\"text-align: justify;\">In addition to the courses, participants will have the opportunity to take part in the\u00a0<strong>SCIENCE &amp; ART workshop<\/strong>\u00a0:<\/h6>\n<h6 style=\"text-align: justify;\">What makes us move? What moves us? How can an artistic and a scientific processes come together, to inform but also challenge each perspective, mutually questioning their underlying assumptions and frameworks? The 5-day process will bring together the participants of the school in a collaborative embodied intellectual and artistic process. The stated goal of the process will be to create together an event, a happening that will take place on Saturday evening at the end of the school. The form of the event will take shape during the week and will build on the interests and expertise of the participants and the ideas, questions and inspiration provided during the morning sessions. The understated goal of the process is to provide a talus for the interdisciplinary meeting which is this school. By co-creating we might discover new ways of meeting and thinking. The process will be curated by a group of 4 composed of artists, scientists and a philosopher (Asaf Bachrach CNRS-researcher in cognitive neuroscience, Clint Lutes dancer and DaPoPa (Paris) pedagogue, Julien Laroche psychologist, Labex ARTS H2H, Paris 8 and Romain Big\u00e9 philosopher, [ex] ENS\/ Sacr\u00e9). We will make use of the technological platform of the labodanse.org project as well as of\u2026.. as tools for creation and possibly evaluation of the experience of performers and public.<\/h6>\n<h6 style=\"text-align: justify;\">After the performance, a round-table will take place with both the scientific and artistic committee composed of: Olga Kisseleva, Daria Lippi, Corinne Jola, Jean Delsaux, Pascale Weber, Laurent Mandeix and Catherine Hubeau (<strong>TBC<\/strong>)<strong>.<\/strong><\/h6>\n<h6 style=\"text-align: justify;\"><span class=\"event_description\">Registration is free however mandatory due to a limited number of places. Participants should take in charge travel and accomodation fees.<br \/>\nThe content of the school will be published by Springer in the\u00a0<em>Neurosciences and Art<\/em>\u00a0book edition series directed by Zo\u00ef Kapoula.<\/span><\/h6>\n<h5>To view\u00a0the program, click\u00a0<a href=\"https:\/\/eitnconf-221018.sciencesconf.org\/program\"><span style=\"color: #800080;\">here<\/span><\/a>\u00a0\/ Pour visualisez le programme, cliquez\u00a0<a href=\"https:\/\/eitnconf-221018.sciencesconf.org\/program\"><span style=\"color: #800080;\">ici<\/span><\/a>.<\/h5>\n<h5>To register, click\u00a0<a href=\"https:\/\/eitnconf-221018.sciencesconf.org\/resource\/page\/id\/2\"><span style=\"color: #800080;\">here<\/span><\/a>\u00a0\/ Pour s&#8217;inscrire, cliquez\u00a0<a href=\"https:\/\/eitnconf-221018.sciencesconf.org\/resource\/page\/id\/2\"><span style=\"color: #800080;\">ici<\/span><\/a>.<\/h5>\n<hr \/>\n<h2>Colloque &amp; Concert<\/h2>\n<div class=\"page\" title=\"Page 1\">\n<div class=\"layoutArea\">\n<div class=\"column\">\n<h2><span style=\"color: #33cccc;\">Cre\u0301ation Globalise\u0301e &amp; Individualite\u0301 Musicienne<\/span><\/h2>\n<\/div>\n<div class=\"page\" title=\"Page 1\">\n<div class=\"layoutArea\">\n<div class=\"column\">\n<h4>Lundi 18 juin 2018 a\u0300 l\u2019amphithe\u0301a\u0302tre Franc\u0327ois Furet<\/h4>\n<h4>105, boulevard Raspail Parie 6e<\/h4>\n<p><span style=\"color: #993300;\"><a href=\"http:\/\/esars.scicog.fr\/wp-content\/uploads\/2018\/06\/Cre\u0301ation-Globalise\u0301e-Individualite\u0301-Musicienne-EHESS2018.pdf\">T\u00e9l\u00e9chargez le programme complet<\/a><\/span><\/p>\n<\/div>\n<\/div>\n<\/div>\n<\/div>\n<\/div>\n<hr \/>\n<h2>D\u00e9couvrez les musiques neuronales d&#8217;Alain\u00a0Destexhe sur SoundClound<\/h2>\n<h5><a href=\"https:\/\/soundcloud.com\/search?q=spikiss\"><img loading=\"lazy\" class=\"alignnone wp-image-542 \" src=\"http:\/\/esars.scicog.fr\/wp-content\/uploads\/2016\/05\/Capture-d\u2019e\u0301cran-2016-06-29-a\u0300-16.08.36.png\" alt=\"Capture d\u2019e\u0301cran 2016-06-29 a\u0300 16.08.36\" width=\"527\" height=\"144\" srcset=\"https:\/\/esars.scicog.fr\/wp-content\/uploads\/2016\/05\/Capture-d\u2019e\u0301cran-2016-06-29-a\u0300-16.08.36.png 982w, https:\/\/esars.scicog.fr\/wp-content\/uploads\/2016\/05\/Capture-d\u2019e\u0301cran-2016-06-29-a\u0300-16.08.36-300x82.png 300w, https:\/\/esars.scicog.fr\/wp-content\/uploads\/2016\/05\/Capture-d\u2019e\u0301cran-2016-06-29-a\u0300-16.08.36-768x210.png 768w, https:\/\/esars.scicog.fr\/wp-content\/uploads\/2016\/05\/Capture-d\u2019e\u0301cran-2016-06-29-a\u0300-16.08.36-600x164.png 600w\" sizes=\"(max-width: 527px) 100vw, 527px\" \/><\/a><\/h5>\n<p>Pour en savoir plus, visitez le site web d&#8217;Alain Destexhe :<\/p>\n<p><a href=\"http:\/\/cns.iaf.cnrs-gif.fr\/alain_music.html\">http:\/\/cns.iaf.cnrs-gif.fr\/alain_music.html<\/a><\/p>\n<p>&nbsp;<\/p>\n<hr \/>\n<h2>DVD des journ\u00e9es Arts &amp; Sciences, F\u00e9vrier 2016, disponible \u00e0 la demande<\/h2>\n<h4><strong>envoyer email: gdr.esars@gmail.com, indiquant dvd comme sujet<\/strong><\/h4>\n<hr \/>\n<h2><\/h2>\n<h2>l&#8217;objet d&#8217;art \u00e0 l&#8217;\u00e8re de l&#8217;internet des objets<\/h2>\n<p>dirig\u00e9 par<br \/>\nOlga Kisseleva et Tsila Hassine<br \/>\n31 Mai 2016 \u00e0 la Sorbonne<br \/>\n<a href=\"http:\/\/esars.scicog.fr\/wp-content\/uploads\/2016\/05\/qrjoconde.jpg\"><img loading=\"lazy\" class=\"alignnone size-medium wp-image-515\" src=\"http:\/\/esars.scicog.fr\/wp-content\/uploads\/2016\/05\/qrjoconde-300x245.jpg\" alt=\"qrjoconde\" width=\"300\" height=\"245\" srcset=\"https:\/\/esars.scicog.fr\/wp-content\/uploads\/2016\/05\/qrjoconde-300x245.jpg 300w, https:\/\/esars.scicog.fr\/wp-content\/uploads\/2016\/05\/qrjoconde-600x491.jpg 600w, https:\/\/esars.scicog.fr\/wp-content\/uploads\/2016\/05\/qrjoconde.jpg 669w\" sizes=\"(max-width: 300px) 100vw, 300px\" \/><\/a><\/p>\n<p>Apr\u00e8s le web qui a r\u00e9volutionn\u00e9 notre fa\u00e7on de communiquer et de consommer, la mobilit\u00e9 qui a permis d&#8217;y avoir acc\u00e8s partout ou presque : les objets connect\u00e9s sont la troisi\u00e8me r\u00e9volution num\u00e9rique.<\/p>\n<p>Cette nouvelle technologie de rupture pourrait mener a une transformation fondamentale de notre exp\u00e9rience de l&#8217;objet, une exp\u00e9rience qui marque l&#8217;\u00e9volution de la culture humaine. les objets connectes deviendront intelligents, voir vivants, et seront envisag\u00e9 plut\u00f4t comme des services et non comme des objets individuels. De quoi aura l&#8217;air un futur envisag\u00e9 par ce paradigme innovant d&#8217;objet en r\u00e9seau ?<\/p>\n<p>Et nos objets d&#8217;art? Comment ceci transformera notre exp\u00e9rience des objets d&#8217;art, et nos objets d&#8217;arts?<\/p>\n<p>Comite scientifique :<\/p>\n<p>Olga Kisseleva, artiste et chercheur, Universit\u00e9 Paris 1 Panth\u00e9on-Sorbonne &#8211; CNRS<br \/>\nTsila Hassine, artiste et doctorante, Universit\u00e9 Paris 1 Panth\u00e9on-Sorbonne<br \/>\nMarta Ponsa, responsable du service \u00ab projets artistiques et action culturelle \u00bb Centre d &#8216;art contemporain Jeu de Paume<br \/>\nMargherita Balzerani, Directrice de l&#8217;Institut des M\u00e9tiers d&#8217;Art et du Patrimoine.<br \/>\nJulie Miguirditchian, commissaire d&#8217;exposition<br \/>\nIsabelle Arvers, commissaire d&#8217;exposition et chercheur, Universit\u00e9 libre de Bruxelles<\/p>\n<p>Programme :<\/p>\n<p>14h00 accueil des participants.<\/p>\n<p>14h10 S\u00e9ance inaugurale et pr\u00e9sentation de l&#8217;initiative.<br \/>\nOlga Kisseleva, Tsila Hassine.<\/p>\n<p>Olga Kisseleva est artiste et Ma\u00eetre de conf\u00e9rence HDR \u00e0 Universit\u00e9 Paris 1 Panth\u00e9on-Sorbonne. Elle m\u00e8ne un travail de recherche sur les processus de cr\u00e9ation en articulation avec les sciences et les technologies contemporaines, notamment, autour des nouvelles formes de l&#8217;art ont vu le jour suite au d\u00e9veloppement des nanotechnologies, de la physique quantique, de la biologie g\u00e9n\u00e9tique et des technologies de communication.<br \/>\nTsila Hassine est artiste et doctorante a l&#8217;institut ACTE. Son travail examine les changements dans la culture contemporaine port\u00e9es sur des processus de num\u00e9risation acc\u00e9l\u00e9r\u00e9e et s&#8217;interrogent sur l&#8217;insoutenable l\u00e9g\u00e8ret\u00e9 de la connectivit\u00e9.<\/p>\n<p>14h30 Qu&#8217;est l&#8217;internet des objets entre art et marche ?<br \/>\nRafi Haladjian, Julien Levesque.<br \/>\nUn \u00ab\u00e9tat des lieux\u00bb de l&#8217;internet des objets. Que signifie au fait ce terme \u00abinternet des objets\u00bb, que signifie-t-il pas, quels sont les pr\u00e9visions pour les 5, 10 20 ann\u00e9es prochaines, quels secteurs et industries touchera-t-il, quel type de \u00abbusiness plans\u00bb engendre-t-il, quels sont les enjeux principales g\u00e9n\u00e8re par cette nouvelle technologie?<\/p>\n<p>Rafi Haladjian est un entrepreneur \u00aben s\u00e9rie\u00bb, ayant fond\u00e9 plusieurs entreprises dans le domaine des nouvelles technologies et des r\u00e9seaux. Il est notamment connu en tant que co\u00efnventeur du lapin communicant Nabaztag, un des objets pionniers de l&#8217;Internet des Objets.<br \/>\nJulien Levesque est un artiste qui aime collectionner, d\u00e9chiffrer, transformer les donn\u00e9es en leur conf\u00e9rant tant\u00f4t avec humour et po\u00e9sie tant\u00f4t avec distance et critique un aspect inattendu. Il explore le paysage de l&#8217;information qui nous entoure. Ses oeuvres se trouvent \u00e0 mi chemin sur le web et hors ligne, interrogeant par la m\u00eame occasion la fronti\u00e8re poreuse entre le physique et le virtuel.<\/p>\n<p>15h30 La pens\u00e9e de l&#8217;objet connect\u00e9.<br \/>\nStephen Wright, Albertine Meunier<br \/>\nLa philosophie contemporaine, en particulier le r\u00e9alisme sp\u00e9culatif et la philosophie orient\u00e9e objet, oppose l&#8217;anthropocentrisme post-Kantien en favorisant une approche orient\u00e9e par le point de vue objectal. L&#8217;objet est lib\u00e9r\u00e9 de sa subordination aux modes de rapport que les \u00eatres humains entretiennent avec lui.<br \/>\nComment cette philosophie co\u00efncide-t-elle avec la nouvelle technologie qui anime l&#8217;objet en le mettant en relation avec d&#8217;autres objets, hors de port\u00e9e de l&#8217;acteur humain?<\/p>\n<p>Stephen Wright\u00a0 est un \u00e9crivain et professeur, il enseigne la pratique de la th\u00e9orie \u00e0 l&#8217;\u00c9cole europ\u00e9enne sup\u00e9rieure de l&#8217;image, o\u00f9 il est professeur r\u00e9f\u00e9rent dans le programme de recherche &#8220;Documents et art contemporain&#8221;. Ses propres recherches portent notamment sur les pratiques artistiques \u00e0 l&#8217;\u00e9chelle 1:1, interrogeant les conditions de possibilit\u00e9 et d&#8217;usage d&#8217;un art sans oeuvre, sans artiste et sans spectateur, c&#8217;est-\u00e0-dire d&#8217;un art qui se soustrait d\u00e9lib\u00e9r\u00e9ment \u00e0 l&#8217;horizon d&#8217;\u00e9v\u00e9nements.<br \/>\nAlbertine Meunier se d\u00e9finit elle-m\u00eame comme une net artiste, artiste pas nette &#8211; un net artiste \u00e9tant tout simplement un artiste de son temps. Ses travaux questionnent, autant de mani\u00e8re critique que ludique, les grands acteurs de l&#8217;Internet tel que Google, Twitter ou Facebook et le nouveau monde qui nous entoure, rempli de transistors et microprocesseurs, vqui it \u00e0 la vitesse de la lumi\u00e8re des r\u00e9seaux. Ce monde de l&#8217;Internet qu&#8217;Albertine connait bien est devenu son mat\u00e9riau de cr\u00e9ation et d&#8217;exploration. Elle tente dans ses recherches et dans ses oeuvres \u00e0 r\u00e9v\u00e9ler l&#8217;invisible ou la po\u00e9sie des choses num\u00e9riques.<\/p>\n<p>16h30 Objet d&#8217;art &#8211; service d&#8217;art ?<br \/>\nNaziha Mestaoui, Emmanuel Mah\u00e9<br \/>\nTransformer l&#8217;objet en service &#8211; vers un utilisateur \u00e9mancip\u00e9? Le design d&#8217;aujourd&#8217;hui ne se limite plus aux objets mais il s&#8217;int\u00e9resse \u00e0 l&#8217;exp\u00e9rience de l&#8217;usager. Son objectif est de faire dispara\u00eetre le ressenti des points de contact. C&#8217;est le v\u00e9cu des usagers qui est important , L&#8217;objet a une place limit\u00e9e dans l&#8217;exp\u00e9rience.<\/p>\n<p>Naziha Mestaoui est artiste form\u00e9e en architecture vit et travaille \u00e0 Paris. Sa d\u00e9marche unit de fa\u00e7on singuli\u00e8re et innovante l&#8217;espace, l&#8217;image et la technologie pour cr\u00e9er des installations immersives et sensibles. Elle a fond\u00e9 Electronic Shadow (2000), pionni\u00e8re reconnue dans l&#8217;art digital et inventeur du Videomapping au croisement de l&#8217;espace et l&#8217;image. Elle est aujourd&#8217;hui une artiste d&#8217;avant-garde, embl\u00e9matique d&#8217;une vision altruiste de l&#8217;art et place la question de la nature au coeur des enjeux culturels.<br \/>\nEmmanuel Mah\u00e9 est Directeur de la Recherche, ENSAD et Vice Doyen Formation, PSL Research University Paris. Chercheur, il est sp\u00e9cialiste des usages \u00e9mergents des technologies de l&#8217;information et de la communication, notamment dans les domaines du design exploratoire, de l&#8217;art num\u00e9rique et de la culture.<\/p>\n<p>Universit\u00e9 Paris 1 Panth\u00e9on-Sorbonne &#8211; CNRS<br \/>\nInstitut ACTE UMR8218 &#8211; Art&amp;Sciences<br \/>\nAmphith\u00e9\u00e2tre Gestion de la Sorbonne<br \/>\n14 rue Cujas, PARIS 75005<\/p>\n<p>le 31 mai 2016 a partir de 14:00<\/p>\n<p>contact et informations :<br \/>\nolga.kisseleva@gmail.com<br \/>\ntsila.hassine@gmail.com<\/p>\n","protected":false},"excerpt":{"rendered":"<p>Fall School Art &amp; Science Transdisciplinarity &#8211; increasing scientific and artistic creativity 22-27 Oct 2018 Paris\u00a0(France) Art is at the crossroad of several disciplines and therefore constitutes a unique experimental configuration to stimulate scientific creativity, transdisciplinarity and epistemological trends on innovative paradigms based on open science, open complex systems, holistic approach, and technologies. The focus [&hellip;]<\/p>\n","protected":false},"author":37,"featured_media":0,"parent":0,"menu_order":0,"comment_status":"closed","ping_status":"closed","template":"","meta":[],"_links":{"self":[{"href":"https:\/\/esars.scicog.fr\/index.php?rest_route=\/wp\/v2\/pages\/478"}],"collection":[{"href":"https:\/\/esars.scicog.fr\/index.php?rest_route=\/wp\/v2\/pages"}],"about":[{"href":"https:\/\/esars.scicog.fr\/index.php?rest_route=\/wp\/v2\/types\/page"}],"author":[{"embeddable":true,"href":"https:\/\/esars.scicog.fr\/index.php?rest_route=\/wp\/v2\/users\/37"}],"replies":[{"embeddable":true,"href":"https:\/\/esars.scicog.fr\/index.php?rest_route=%2Fwp%2Fv2%2Fcomments&post=478"}],"version-history":[{"count":10,"href":"https:\/\/esars.scicog.fr\/index.php?rest_route=\/wp\/v2\/pages\/478\/revisions"}],"predecessor-version":[{"id":572,"href":"https:\/\/esars.scicog.fr\/index.php?rest_route=\/wp\/v2\/pages\/478\/revisions\/572"}],"wp:attachment":[{"href":"https:\/\/esars.scicog.fr\/index.php?rest_route=%2Fwp%2Fv2%2Fmedia&parent=478"}],"curies":[{"name":"wp","href":"https:\/\/api.w.org\/{rel}","templated":true}]}}