{"id":467,"date":"2016-05-10T13:46:03","date_gmt":"2016-05-10T13:46:03","guid":{"rendered":"http:\/\/esars.scicog.fr\/?page_id=467"},"modified":"2016-07-27T08:08:57","modified_gmt":"2016-07-27T08:08:57","slug":"videos","status":"publish","type":"page","link":"https:\/\/esars.scicog.fr\/?page_id=467","title":{"rendered":"Vid\u00e9os"},"content":{"rendered":"<h2><img loading=\"lazy\" class=\"wp-image-419 alignleft\" src=\"http:\/\/esars.scicog.fr\/wp-content\/uploads\/2015\/12\/Affiche_RencontresAS_RVB-212x300.jpg\" alt=\"Affiche_ESARS_CMJN_A3\" width=\"141\" height=\"200\" srcset=\"https:\/\/esars.scicog.fr\/wp-content\/uploads\/2015\/12\/Affiche_RencontresAS_RVB-212x300.jpg 212w, https:\/\/esars.scicog.fr\/wp-content\/uploads\/2015\/12\/Affiche_RencontresAS_RVB.jpg 424w\" sizes=\"(max-width: 141px) 100vw, 141px\" \/>Les vid\u00e9os des Rencontres Arts &amp; Sciences\u00a0organis\u00e9es par le GDR\u00a0ESARS\u00a0les 5 et 6 F\u00e9vrier 2016 \u00e0 Paris sont d\u00e9sormais\u00a0en libre acc\u00e8s<\/h2>\n<h6 style=\"text-align: center;\">(cliquez sur les liens ci-dessous pour visionner les interventions)<\/h6>\n<p>&nbsp;<\/p>\n<h5 style=\"text-align: center;\"><strong>\u00a0<\/strong><strong><a href=\"http:\/\/media2.parisdescartes.fr\/cgi-bin\/WebObjects\/Mediatheque.woa\/?a=MjQwMzA%253D&amp;wosid=opqked18wRrytKg7oXteAw&amp;all=dHJ1ZQ%253D%253D\">Art et Science 2016 : Making-OF<\/a><\/strong><\/h5>\n<h5 style=\"text-align: center;\"><a href=\"http:\/\/media2.parisdescartes.fr\/cgi-bin\/WebObjects\/Mediatheque.woa\/?a=MjM4MTA%253D&amp;wosid=nSbYx4ZJ7wSfbdXIIhb5hM&amp;all=dHJ1ZQ%253D%253D\">CONCERT &#8220;Musique et math\u00e9matiques&#8221;<\/a><\/h5>\n<p>&nbsp;<\/p>\n<h5 style=\"text-align: center;\"><a title=\"Voir l'article\" href=\"http:\/\/media2.parisdescartes.fr\/?a=MjM4NDg%3D&amp;wosid=nSbYx4ZJ7wSfbdXIIhb5hM&amp;all=dHJ1ZQ%3D%3D\" target=\"_blank\" data-saferedirecturl=\"https:\/\/www.google.com\/url?hl=fr&amp;q=http:\/\/media2.parisdescartes.fr\/?a%3DMjM4NDg%253D%26wosid%3DnSbYx4ZJ7wSfbdXIIhb5hM%26all%3DdHJ1ZQ%253D%253D&amp;source=gmail&amp;ust=1469650155982000&amp;usg=AFQjCNHvjZnGwk5TY2Y_70bOp2GeJ-VexA\">Session 1 : Neuroimagerie &#8211; Cr\u00e9ativit\u00e9 et Esth\u00e9tique par Emmanuelle Volle\u00a0<\/a><\/h5>\n<div style=\"text-align: center;\"><a href=\"http:\/\/media2.parisdescartes.fr\/cgi-bin\/WebObjects\/Mediatheque.woa\/?a=MjM3Mzk%253D&amp;wosid=nSbYx4ZJ7wSfbdXIIhb5hM&amp;all=dHJ1ZQ%253D%253D\"><em>Le cerveau cr\u00e9atif : perspective diff\u00e9rentielle<\/em> par <strong>Todd Lubart <\/strong><\/a><\/div>\n<div style=\"text-align: center;\"><a href=\"http:\/\/media2.parisdescartes.fr\/cgi-bin\/WebObjects\/Mediatheque.woa\/?a=MjM4NTc%253D&amp;wosid=nSbYx4ZJ7wSfbdXIIhb5hM&amp;all=dHJ1ZQ%253D%253D\"><em>Les neurosciences de la pens\u00e9e cr\u00e9atrice<\/em> par <strong>Mathias Benedek <\/strong><\/a><\/div>\n<div style=\"text-align: center;\"><a href=\"http:\/\/media2.parisdescartes.fr\/cgi-bin\/WebObjects\/Mediatheque.woa\/?a=MjM5NDc%253D&amp;wosid=nSbYx4ZJ7wSfbdXIIhb5hM&amp;all=dHJ1ZQ%253D%253D\"><em>Neuroimagerie des \u00e9motions<\/em> par <strong>Nathalie George <\/strong><\/a><\/div>\n<div style=\"text-align: center;\"><a href=\"http:\/\/media2.parisdescartes.fr\/cgi-bin\/WebObjects\/Mediatheque.woa\/?a=MjM3NDA%253D&amp;wosid=nSbYx4ZJ7wSfbdXIIhb5hM&amp;all=dHJ1ZQ%253D%253D\"><em>Mesurer la connectivit\u00e9 des r\u00e9seaux au sein de et entre cerveaux<\/em> par <strong>Fabrizio de Vico Fallani <\/strong><\/a><\/div>\n<div style=\"text-align: center;\"><a href=\"http:\/\/media2.parisdescartes.fr\/cgi-bin\/WebObjects\/Mediatheque.woa\/?a=MjM4NTg%253D&amp;wosid=nSbYx4ZJ7wSfbdXIIhb5hM&amp;all=dHJ1ZQ%253D%253D\"><em>Le projet Labodanse: une nouvelle structure pour l\u2019\u00e9tude des modulations physiologiques, cognitives, et d\u2019exp\u00e9riences inter-subjectives, pendant une performance de danse<\/em> par <strong>Asaf Bachrach<\/strong><\/a><\/div>\n<div><\/div>\n<div style=\"text-align: center;\"><\/div>\n<h5 style=\"text-align: center;\">Session 2 :\u00a0Cognisciences et Neurophysiologie de l\u2019Esth\u00e9tique par Zo\u00ef Kapoula<\/h5>\n<div style=\"text-align: center;\"><\/div>\n<div style=\"text-align: center;\"><a href=\"http:\/\/media2.parisdescartes.fr\/cgi-bin\/WebObjects\/Mediatheque.woa\/?a=MjM2OTQ%253D&amp;wosid=nSbYx4ZJ7wSfbdXIIhb5hM&amp;all=dHJ1ZQ%253D%253D\"><em>Audition et peinture<\/em> par <strong>Alain Londero<\/strong><\/a><\/div>\n<div style=\"text-align: center;\"><a href=\"http:\/\/media2.parisdescartes.fr\/cgi-bin\/WebObjects\/Mediatheque.woa\/?a=MjM2OTM%253D&amp;wosid=nSbYx4ZJ7wSfbdXIIhb5hM&amp;all=dHJ1ZQ%253D%253D\"><em>Processus d\u2019encapsulations (transformations) num\u00e9riques en cr\u00e9ation architecturale<\/em> par <strong>Eglantine Bigot-Dolle<\/strong> <\/a><\/div>\n<div style=\"text-align: center;\"><a href=\"http:\/\/media2.parisdescartes.fr\/cgi-bin\/WebObjects\/Mediatheque.woa\/?a=MjM5NDg%253D&amp;wosid=nSbYx4ZJ7wSfbdXIIhb5hM&amp;all=dHJ1ZQ%253D%253D\"><em>Comportement oculaire physiologique du spectateur en conditions naturelles<\/em> par <strong>Sol\u00e8ne Kal\u00e9nine<\/strong> <\/a><\/div>\n<div style=\"text-align: center;\"><em>Les oscillations du corps de l\u2019observateur devant les peintures et les sculptures<\/em> par <strong>Zo\u00ef Kapoula<\/strong><\/div>\n<div style=\"text-align: center;\"><a href=\"http:\/\/media2.parisdescartes.fr\/cgi-bin\/WebObjects\/Mediatheque.woa\/?a=MjM2OTI%253D&amp;wosid=nSbYx4ZJ7wSfbdXIIhb5hM&amp;all=dHJ1ZQ%253D%253D\"><em>La question du a-A : de l\u2019esth\u00e9tique tout-venant \u00e0 l\u2019esth\u00e9tique \u00e9ternelle<\/em> par <strong>Claus-Christian Carbon<\/strong><\/a><\/div>\n<div style=\"text-align: center;\"><\/div>\n<div style=\"text-align: center;\"><\/div>\n<h5 style=\"text-align: center;\"><a href=\"http:\/\/media2.parisdescartes.fr\/cgi-bin\/WebObjects\/Mediatheque.woa\/?a=MjM4NDk%253D&amp;wosid=nSbYx4ZJ7wSfbdXIIhb5hM&amp;all=dHJ1ZQ%253D%253D\">Session 3 :\u00a0Musique, Math\u00e9matiques et Cerveau par Moreno Andreatta<\/a><\/h5>\n<div style=\"text-align: center;\"><\/div>\n<div style=\"text-align: center;\"><a href=\"http:\/\/media2.parisdescartes.fr\/cgi-bin\/WebObjects\/Mediatheque.woa\/?a=MjM2OTE%253D&amp;wosid=nSbYx4ZJ7wSfbdXIIhb5hM&amp;all=dHJ1ZQ%253D%253D\"><em>La communication d\u2019intentions sociales par l\u2019interaction musicale<\/em> par <strong>Jean-Julien Aucouturier <\/strong><\/a><\/div>\n<div style=\"text-align: center;\"><a href=\"http:\/\/media2.parisdescartes.fr\/cgi-bin\/WebObjects\/Mediatheque.woa\/?a=MjM3NDM%253D&amp;wosid=nSbYx4ZJ7wSfbdXIIhb5hM&amp;all=dHJ1ZQ%253D%253D\"><em>Classification stylistique en musique<\/em> par <strong>Louis Bigo<\/strong><\/a><\/div>\n<div style=\"text-align: center;\"><a href=\"http:\/\/media2.parisdescartes.fr\/cgi-bin\/WebObjects\/Mediatheque.woa\/?a=MjM2OTA%253D&amp;wosid=nSbYx4ZJ7wSfbdXIIhb5hM&amp;all=dHJ1ZQ%253D%253D\"><em> Repr\u00e9sentations g\u00e9om\u00e9triques de la musique : du Tonnetz au mod\u00e8le Spinnen<\/em> par <strong>Gilles Baroin <\/strong><\/a><\/div>\n<div style=\"text-align: center;\"><a href=\"http:\/\/media2.parisdescartes.fr\/cgi-bin\/WebObjects\/Mediatheque.woa\/?a=MjM3NDE%253D&amp;wosid=nSbYx4ZJ7wSfbdXIIhb5hM&amp;all=dHJ1ZQ%253D%253D\"><em>Musique neuronale<\/em> par <strong>Alain Destexhe<\/strong> et <strong>Luc Foubert <\/strong><\/a><\/div>\n<div style=\"text-align: center;\"><a href=\"http:\/\/media2.parisdescartes.fr\/cgi-bin\/WebObjects\/Mediatheque.woa\/?a=MjM3NDI%253D&amp;wosid=nSbYx4ZJ7wSfbdXIIhb5hM&amp;all=dHJ1ZQ%253D%253D\"><em>Etude de l\u2019\u00e9motion esth\u00e9tique en arts th\u00e9rapies<\/em> par <strong>Edith Lecourt<\/strong><\/a><\/div>\n<div style=\"text-align: center;\"><\/div>\n<div style=\"text-align: center;\"><\/div>\n<h5 style=\"text-align: center;\"><a href=\"http:\/\/media2.parisdescartes.fr\/cgi-bin\/WebObjects\/Mediatheque.woa\/?a=MjM4NTY%253D&amp;wosid=nSbYx4ZJ7wSfbdXIIhb5hM&amp;all=dHJ1ZQ%253D%253D\">Session 4 : Esth\u00e9tique Evolutive par Julien Renoult<\/a><\/h5>\n<div style=\"text-align: center;\"><\/div>\n<div style=\"text-align: center;\"><a href=\"http:\/\/media2.parisdescartes.fr\/cgi-bin\/WebObjects\/Mediatheque.woa\/?a=MjM3NDQ%253D&amp;wosid=nSbYx4ZJ7wSfbdXIIhb5hM&amp;all=dHJ1ZQ%253D%253D\"><em>Le chimpanz\u00e9 comme artiste en laboratoire<\/em> par <strong>Gabriela Bezerra de Melo Daly<\/strong>\u00a0<\/a><\/div>\n<div style=\"text-align: center;\"><a href=\"http:\/\/media2.parisdescartes.fr\/cgi-bin\/WebObjects\/Mediatheque.woa\/?a=MjM3NjE%253D&amp;wosid=nSbYx4ZJ7wSfbdXIIhb5hM&amp;all=dHJ1ZQ%253D%253D\"><em>Une approche co\u00e9volutive de l\u2019esth\u00e9tique<\/em> par <strong>Richard O. Prum<\/strong><\/a><\/div>\n<div style=\"text-align: center;\"><a href=\"http:\/\/media2.parisdescartes.fr\/cgi-bin\/WebObjects\/Mediatheque.woa\/?a=MjM3NjA%253D&amp;wosid=nSbYx4ZJ7wSfbdXIIhb5hM&amp;all=dHJ1ZQ%253D%253D\"><em>L\u2019attractivit\u00e9 du corps f\u00e9minin: ce que nous dit l\u2019art \u00e0 travers l\u2019histoire<\/em> par <strong>Jeanne Bovet<\/strong><\/a><\/div>\n<div style=\"text-align: center;\"><a href=\"http:\/\/media2.parisdescartes.fr\/cgi-bin\/WebObjects\/Mediatheque.woa\/?a=MjM3NTk%253D&amp;wosid=nSbYx4ZJ7wSfbdXIIhb5hM&amp;all=dHJ1ZQ%253D%253D\"><em>La beaut\u00e9 est-elle honn\u00eate ?<\/em> par <strong>Michel Kreutzer<\/strong><\/a><\/div>\n<div style=\"text-align: center;\"><a href=\"http:\/\/media2.parisdescartes.fr\/cgi-bin\/WebObjects\/Mediatheque.woa\/?a=MjM3NTg%253D&amp;wosid=nSbYx4ZJ7wSfbdXIIhb5hM&amp;all=dHJ1ZQ%253D%253D\"><em>L\u2019expertise comme mod\u00e9rateur de l\u2019esth\u00e9tique \u00e9volutive et co-\u00e9volutive<\/em> par <strong>Jan Verpooten<\/strong><\/a><\/div>\n<div style=\"text-align: center;\"><\/div>\n<div style=\"text-align: center;\"><\/div>\n<h5 style=\"text-align: center;\">Session 5 : Projets Artistiques par Jean Delseaux et Zo\u00ef Kapoula<\/h5>\n<div style=\"text-align: center;\"><\/div>\n<div style=\"text-align: center;\"><a href=\"http:\/\/media2.parisdescartes.fr\/cgi-bin\/WebObjects\/Mediatheque.woa\/?a=MjM3NTc%253D&amp;wosid=nSbYx4ZJ7wSfbdXIIhb5hM&amp;all=dHJ1ZQ%253D%253D\"><em>Multimodalit\u00e9 sensorielle, synesth\u00e9sie et heuresth\u00e9sie : \u00e0 la source invisible de l\u2019inspiration cr\u00e9atrice<\/em> par <strong>Vincent Mignerot<\/strong> <\/a><\/div>\n<div style=\"text-align: center;\"><a href=\"http:\/\/media2.parisdescartes.fr\/cgi-bin\/WebObjects\/Mediatheque.woa\/?a=MjM3NTY%253D&amp;wosid=nSbYx4ZJ7wSfbdXIIhb5hM&amp;all=dHJ1ZQ%253D%253D\"><em>Anahata, organisation de recherche-cr\u00e9ation, arts, sciences et soci\u00e9t\u00e9s<\/em> par <strong>Delphine Fabbri-Lawson<\/strong> <\/a><\/div>\n<div style=\"text-align: center;\"><a href=\"http:\/\/media2.parisdescartes.fr\/cgi-bin\/WebObjects\/Mediatheque.woa\/?a=MjM2MDE%253D&amp;wosid=nSbYx4ZJ7wSfbdXIIhb5hM&amp;all=dHJ1ZQ%253D%253D\"><em>Co-cr\u00e9ation en arts et sciences : droits d\u2019auteur<\/em> par <strong>Claire Leroux<\/strong> <\/a><\/div>\n<div style=\"text-align: center;\"><a href=\"http:\/\/media2.parisdescartes.fr\/cgi-bin\/WebObjects\/Mediatheque.woa\/?a=MjM3NTU%253D&amp;wosid=nSbYx4ZJ7wSfbdXIIhb5hM&amp;all=dHJ1ZQ%253D%253D\"><em>Le monde post-p\u00e9trole: une nouvelle conscience et une nouvelle organisation biologique?<\/em> par <strong>Olga Kisseleva<\/strong> <\/a><\/div>\n<div style=\"text-align: center;\"><a href=\"http:\/\/media2.parisdescartes.fr\/cgi-bin\/WebObjects\/Mediatheque.woa\/?a=MjM3NTQ%253D&amp;wosid=nSbYx4ZJ7wSfbdXIIhb5hM&amp;all=dHJ1ZQ%253D%253D\"><em>Projet d\u2019exp\u00e9rimentations oculomotrices<\/em> par <strong>Herv\u00e9 Bacquet<\/strong> <\/a><\/div>\n<div style=\"text-align: center;\"><a href=\"http:\/\/media2.parisdescartes.fr\/cgi-bin\/WebObjects\/Mediatheque.woa\/?a=MjM3NTM%253D&amp;wosid=nSbYx4ZJ7wSfbdXIIhb5hM&amp;all=dHJ1ZQ%253D%253D\"><em>La forme comme auto-organisation \u00e9mergente<\/em> par <strong>Sophie Lavaud<\/strong> <\/a><\/div>\n<div style=\"text-align: center;\"><a href=\"http:\/\/media2.parisdescartes.fr\/cgi-bin\/WebObjects\/Mediatheque.woa\/?a=MjM4NTU%253D&amp;wosid=nSbYx4ZJ7wSfbdXIIhb5hM&amp;all=dHJ1ZQ%253D%253D\"><em>Attention et surprise : le plateau comme terrain d\u2019exp\u00e9rience<\/em> par <strong>Daria Lippi<\/strong> <\/a><\/div>\n<div style=\"text-align: center;\"><a href=\"http:\/\/media2.parisdescartes.fr\/cgi-bin\/WebObjects\/Mediatheque.woa\/?a=MjM4NTQ%253D&amp;wosid=nSbYx4ZJ7wSfbdXIIhb5hM&amp;all=dHJ1ZQ%253D%253D\"><em>Le couple, une machine simple, pour une combinaison de mouvements<\/em> par <strong>Pascale Weber<\/strong> et <strong>Jean Delseaux<\/strong><\/a><\/div>\n<div style=\"text-align: center;\"><\/div>\n<div style=\"text-align: center;\"><\/div>\n<h5 style=\"text-align: center;\"><a href=\"http:\/\/media2.parisdescartes.fr\/cgi-bin\/WebObjects\/Mediatheque.woa\/?a=MjM5MjQ%253D&amp;wosid=nSbYx4ZJ7wSfbdXIIhb5hM&amp;all=dHJ1ZQ%253D%253D\">Table Ronde : Epist\u00e9mologie et nouveaux paradigmes<\/a><\/h5>\n","protected":false},"excerpt":{"rendered":"<p>Les vid\u00e9os des Rencontres Arts &amp; Sciences\u00a0organis\u00e9es par le GDR\u00a0ESARS\u00a0les 5 et 6 F\u00e9vrier 2016 \u00e0 Paris sont d\u00e9sormais\u00a0en libre acc\u00e8s (cliquez sur les liens ci-dessous pour visionner les interventions) &nbsp; \u00a0Art et Science 2016 : Making-OF CONCERT &#8220;Musique et math\u00e9matiques&#8221; &nbsp; Session 1 : Neuroimagerie &#8211; Cr\u00e9ativit\u00e9 et Esth\u00e9tique par Emmanuelle Volle\u00a0 Le cerveau [&hellip;]<\/p>\n","protected":false},"author":37,"featured_media":0,"parent":0,"menu_order":0,"comment_status":"closed","ping_status":"closed","template":"","meta":[],"_links":{"self":[{"href":"https:\/\/esars.scicog.fr\/index.php?rest_route=\/wp\/v2\/pages\/467"}],"collection":[{"href":"https:\/\/esars.scicog.fr\/index.php?rest_route=\/wp\/v2\/pages"}],"about":[{"href":"https:\/\/esars.scicog.fr\/index.php?rest_route=\/wp\/v2\/types\/page"}],"author":[{"embeddable":true,"href":"https:\/\/esars.scicog.fr\/index.php?rest_route=\/wp\/v2\/users\/37"}],"replies":[{"embeddable":true,"href":"https:\/\/esars.scicog.fr\/index.php?rest_route=%2Fwp%2Fv2%2Fcomments&post=467"}],"version-history":[{"count":16,"href":"https:\/\/esars.scicog.fr\/index.php?rest_route=\/wp\/v2\/pages\/467\/revisions"}],"predecessor-version":[{"id":551,"href":"https:\/\/esars.scicog.fr\/index.php?rest_route=\/wp\/v2\/pages\/467\/revisions\/551"}],"wp:attachment":[{"href":"https:\/\/esars.scicog.fr\/index.php?rest_route=%2Fwp%2Fv2%2Fmedia&parent=467"}],"curies":[{"name":"wp","href":"https:\/\/api.w.org\/{rel}","templated":true}]}}