{"id":43,"date":"2013-12-08T15:02:29","date_gmt":"2013-12-08T15:02:29","guid":{"rendered":"http:\/\/www.nelsonsteinmetz.com\/testweb\/wordpress\/?page_id=43"},"modified":"2021-10-25T07:50:27","modified_gmt":"2021-10-25T07:50:27","slug":"agenda","status":"publish","type":"page","link":"https:\/\/esars.scicog.fr\/?page_id=43","title":{"rendered":"\u00c9v\u00e9nements"},"content":{"rendered":"<div id=\"m_7472735617978442821bloop_customfont\">\n<h1>Appel \u00e0 projets : La cr\u00e9ation des nouveaux paradigmes<\/h1>\n<p>Le GDR ESARS lance un appel \u00e0 projets sur la th\u00e9matique &#8220;Arts et Sciences&#8221;.<\/p>\n<p>L&#8217;objectif est de promouvoir la transdisciplinarit\u00e9, la cr\u00e9ativit\u00e9 scientifique et l&#8217;invention de nouveaux paradigmes exp\u00e9rimentaux repoussant les fronti\u00e8res \u00e9pist\u00e9mologiques, conceptuelles, structurelles et exp\u00e9rimentales.<\/p>\n<p>Le terrain d\u2019\u00e9tude est laiss\u00e9 libre : en institut, dans les mus\u00e9es, street art, art environnemental &nbsp;&#8230; Nous seront toutefois tr\u00e8s sensibles aux projets \u00e9manant de scientifiques qui, forts de leur discipline, d\u00e9sirent s&#8217;aventurer dans la recherche de nouveaux paradigmes, sur le terrain et hors laboratoire.<\/p>\n<p>Les recherches peuvent concerner l&#8217;artiste ou le r\u00e9cepteur de l&#8217;\u0153uvre, l\u2019\u0153uvre elle-m\u00eame, le lieu de son exposition o\u00f9 plusieurs de ces axes.<\/p>\n<p>Les bin\u00f4mes chercheurs\/artistes sont aussi les bienvenus ! Les artistes peuvent cependant proposer seuls un projet, laissant au comit\u00e9 de pilotage du GDR ESARS le soin d\u2019identifier un scientifique d\u00e9sirant entreprendre des recherches avec lui.<\/p>\n<p>Selon vos choix le GDR ESARS peut vous aider \u00e0 obtenir un accueil dans de nouvelles institutions culturelles et des mus\u00e9es comme le Grand palais, le palais de Tokyo, Beaubourg ou le Quai Branly.<\/p>\n<p>Toutes les propositions, m\u00eame celles financ\u00e9es par cet appel \u00e0 projets, seront retenues et feront l&#8217;objet d&#8217;une anthologie d&#8217;intelligence collective publi\u00e9e dans un ouvrage avec l&#8217;accord des auteurs.&nbsp; Pour ce faire nous demandons une description succincte (maximum deux pages) du projet, incluant: Probl\u00e9matique &amp; Objectif(s) \u2013 M\u00e9thode exp\u00e9rimentale &amp; Moyens d\u00e9ploy\u00e9s \u2013 R\u00e9sultats &nbsp;attendus et impact scientifique artistique et soci\u00e9tal \u2013 Calendrier et budget.<\/p>\n<p>Les laur\u00e9ats recevrons une enveloppe de 1500 euros pour mener \u00e0 bien leurs projets.<\/p>\n<p>Envoyez vos projets en format .pdf <strong>avant 13:00 le 17 juillet 2017<\/strong>, \u00e0&nbsp;:<\/p>\n<p><a href=\"mailto:zoi.kapoula@gmail.com\">zoi.kapoula@gmail.com<\/a>;&nbsp;<a href=\"mailto:julien.renoult@cefe.cnrs.fr\">julien.renoult@cefe.cnrs.fr<\/a><\/p>\n<div id=\"m_7472735617978442821bloop_sign_1497290520752624128\" class=\"m_7472735617978442821bloop_sign\">\n<hr>\n<h1 style=\"text-align: justify;\">APPEL \u00c0 PARTICIPANTS<\/h1>\n<h2 style=\"text-align: justify;\">pour &nbsp;des experiences improvis\u00e9es<\/h2>\n<div id=\"m_7472735617978442821bloop_sign_1497197511690168832\" class=\"m_7472735617978442821bloop_sign\">\n<p id=\"m_7472735617978442821bloop_sign_1497197511690168832\" class=\"m_7472735617978442821bloop_sign\" style=\"text-align: justify;\">du 4 au&nbsp;<a href=\"http:\/\/airmail.calendar\/2017-07-06%2012:00:00%20GMT+2\" target=\"_blank\" data-saferedirecturl=\"https:\/\/www.google.com\/url?hl=fr&amp;q=http:\/\/airmail.calendar\/2017-07-06%252012:00:00%2520GMT%2B2&amp;source=gmail&amp;ust=1497425257661000&amp;usg=AFQjCNGcYv50NA13gDjAJYreh5TOMqSqRg\" rel=\"noopener\">6 Juillet 2017<\/a><\/p>\n<p>Les improvisations seront guid\u00e9es par &nbsp;Matthieu Gaudeau,Clint Lutes et Laura Hicksdans le cadre du projet ICI (labex ARTS H2H\/CNRS)<a href=\"http:\/\/labodanse.org\/ici\" target=\"_blank\" data-saferedirecturl=\"https:\/\/www.google.com\/url?hl=fr&amp;q=http:\/\/labodanse.org\/ici&amp;source=gmail&amp;ust=1497425257661000&amp;usg=AFQjCNF30wUv7pTfB4TByMu7CTvB9gjKGg\" rel=\"noopener\">labodanse.org\/ici<\/a><\/p>\n<p><strong>(English Below)<\/strong><\/p>\n<p>Le projet ICI (l&#8217;Improvisation conjointe \u00e0 l&#8217;Interaction, 2016-2018):&nbsp;Une collaboration entre danseurs, scientifiques et philosophes autour de l\u2019improvisation conjointe soutenue par le labex ARTS H2H et le CNSAD (aucune experience pr\u00e9alable &nbsp;en danse n\u2019est exig\u00e9e)<\/p>\n<p id=\"m_7472735617978442821bloop_sign_1497197511690168832\" class=\"m_7472735617978442821bloop_sign\" style=\"text-align: justify;\">Appel \u00e0 tous les &nbsp;PROFESSIONNELS et AMATEURS de la danse, aux personnes int\u00e9ress\u00e9es par le mouvement et l\u2019improvisation!<\/p>\n<p id=\"m_7472735617978442821bloop_sign_1497197511690168832\" class=\"m_7472735617978442821bloop_sign\" style=\"text-align: justify;\">Les chercheurs et danseurs associ\u00e9s au projet ICI vous invitent \u00e0 prolonger leurs recherches sur l&#8217;interactivit\u00e9 et le fait d&#8217;improviser ensemble. Apr\u00e8s un an et demi d&#8217;\u00e9changes, voici notre deuxi\u00e8me rencontre avec le grand public.<\/p>\n<p id=\"m_7472735617978442821bloop_sign_1497197511690168832\" class=\"m_7472735617978442821bloop_sign\" style=\"text-align: justify;\">Chaque session sera compos\u00e9e d&#8217;exp\u00e9rimentations en mouvement autour de l\u2019improvisation conjointe, avec l\u2019utilisation de technologies de capture du mouvement. Nous nous int\u00e9ressons pr\u00e9cis\u00e9ment aux combinaisons et relations entre les perspectives &nbsp;scientifiques\/ quantitatives &nbsp;et l&#8217;exp\u00e9rience v\u00e9cue. Les sessions seront dirig\u00e9es par 3 danseurs de champs diff\u00e9rents (Matthieu Gaudeau, Laura Hicks, Clint Lutes).<\/p>\n<p id=\"m_7472735617978442821bloop_sign_1497197511690168832\" class=\"m_7472735617978442821bloop_sign\" style=\"text-align: justify;\">Comment les outils issus des pratiques d\u2019improvisation peuvent-ils servir \u00e0 identifier des structures de l\u2019intersubjectivit\u00e9 ?<\/p>\n<p id=\"m_7472735617978442821bloop_sign_1497197511690168832\" class=\"m_7472735617978442821bloop_sign\" style=\"text-align: justify;\">Comment d\u00e9cidons-nous des r\u00e8gles, des contours et des fa\u00e7ons d\u2019\u00eatre ensemble ?<\/p>\n<p id=\"m_7472735617978442821bloop_sign_1497197511690168832\" class=\"m_7472735617978442821bloop_sign\" style=\"text-align: justify;\">Qu&#8217;est ce qui attire l&#8217;attention du collectif dans les moments d\u2019interaction ?<\/p>\n<p id=\"m_7472735617978442821bloop_sign_1497197511690168832\" class=\"m_7472735617978442821bloop_sign\" style=\"text-align: justify;\">Par quels moyens nous donnons-nous conjointement une \u201cgrammaire\u201d pour nos interactions (synchronicit\u00e9, accordage \u00e9motionnel\/attentionnel) ?<\/p>\n<p id=\"m_7472735617978442821bloop_sign_1497197511690168832\" class=\"m_7472735617978442821bloop_sign\" style=\"text-align: justify;\">Dates:&nbsp;<a href=\"http:\/\/airmail.calendar\/2017-07-04%2012:00:00%20GMT+2\" target=\"_blank\" data-saferedirecturl=\"https:\/\/www.google.com\/url?hl=fr&amp;q=http:\/\/airmail.calendar\/2017-07-04%252012:00:00%2520GMT%2B2&amp;source=gmail&amp;ust=1497425257661000&amp;usg=AFQjCNGxidiyIvCuNJJLzRn8SKxxx7JDYQ\" rel=\"noopener\">du 4 au 6 Juillet<\/a>.<\/p>\n<p id=\"m_7472735617978442821bloop_sign_1497197511690168832\" class=\"m_7472735617978442821bloop_sign\" style=\"text-align: justify;\"><strong>Horaires&nbsp;<\/strong><\/p>\n<p id=\"m_7472735617978442821bloop_sign_1497197511690168832\" class=\"m_7472735617978442821bloop_sign\" style=\"text-align: justify;\">session matin: 9h&nbsp;<a href=\"http:\/\/airmail.calendar\/2017-06-12%2013:00:00%20GMT+2\" target=\"_blank\" data-saferedirecturl=\"https:\/\/www.google.com\/url?hl=fr&amp;q=http:\/\/airmail.calendar\/2017-06-12%252013:00:00%2520GMT%2B2&amp;source=gmail&amp;ust=1497425257661000&amp;usg=AFQjCNGT4BTIF1C0p8V4FL7rBxLc1Q_Hww\" rel=\"noopener\">http:\/\/airmail.calendar\/2017-06-12%2013:00:00%20GMT+2<\/a><\/p>\n<p id=\"m_7472735617978442821bloop_sign_1497197511690168832\" class=\"m_7472735617978442821bloop_sign\" style=\"text-align: justify;\">session apres-midi:&nbsp;<a href=\"http:\/\/airmail.calendar\/2017-06-12%2013:00:00%20GMT+2\" target=\"_blank\" data-saferedirecturl=\"https:\/\/www.google.com\/url?hl=fr&amp;q=http:\/\/airmail.calendar\/2017-06-12%252013:00:00%2520GMT%2B2&amp;source=gmail&amp;ust=1497425257661000&amp;usg=AFQjCNGT4BTIF1C0p8V4FL7rBxLc1Q_Hww\" rel=\"noopener\">http:\/\/airmail.calendar\/2017-06-12%2013:00:00%20GMT+2<\/a><\/p>\n<p id=\"m_7472735617978442821bloop_sign_1497197511690168832\" class=\"m_7472735617978442821bloop_sign\" style=\"text-align: justify;\">Votre participation est souhait\u00e9e! il n&#8217;est &nbsp;PAS NECESSAIRE d\u2019\u00eatre disponible toute la semaine, seulement d&#8217;\u00eatre disponible pour UNE SESSION (4h) . Nous avons besoin de 15 personnes par session.<\/p>\n<p id=\"m_7472735617978442821bloop_sign_1497197511690168832\" class=\"m_7472735617978442821bloop_sign\" style=\"text-align: justify;\">Merci de partager l\u2019annonce !<\/p>\n<p id=\"m_7472735617978442821bloop_sign_1497197511690168832\" class=\"m_7472735617978442821bloop_sign\" style=\"text-align: justify;\"><strong>Inscription:<\/strong><\/p>\n<p id=\"m_7472735617978442821bloop_sign_1497197511690168832\" class=\"m_7472735617978442821bloop_sign\" style=\"text-align: justify;\"><a href=\"mailto:contact.labodanse@gmail.com\" target=\"_blank\" rel=\"noopener\">contact.labodanse@gmail.com<\/a><\/p>\n<p class=\"m_7472735617978442821bloop_sign\" style=\"text-align: justify;\">_________________________________________<\/p>\n<p id=\"m_7472735617978442821bloop_sign_1497197511690168832\" class=\"m_7472735617978442821bloop_sign\" style=\"text-align: justify;\">Le project ICI (interaction in joint improvisation, 2016-2018):<\/p>\n<p id=\"m_7472735617978442821bloop_sign_1497197511690168832\" class=\"m_7472735617978442821bloop_sign\" style=\"text-align: justify;\">A collaboration of dancers, scientists and philosophers on the theme of joint improvisation supported by labex ARTS H2H and CNSAD.<\/p>\n<p id=\"m_7472735617978442821bloop_sign_1497197511690168832\" class=\"m_7472735617978442821bloop_sign\" style=\"text-align: justify;\">This is a call for professional and non-professional dancers, or people interested in movement and improvisation!<\/p>\n<p id=\"m_7472735617978442821bloop_sign_1497197511690168832\" class=\"m_7472735617978442821bloop_sign\" style=\"text-align: justify;\">The researchers and dancers associated with the project invite you to be a part of their research on interactivity and group improvisation. After a year and a half of exchange, this will be our second meeting with the public.<\/p>\n<p id=\"m_7472735617978442821bloop_sign_1497197511690168832\" class=\"m_7472735617978442821bloop_sign\" style=\"text-align: justify;\">Each session will be composed of experiments in movement around the theme of joint improvisation, using motion capture technologies. We are interested specifically in the combinations of and relations between, perspective and experience. The sessions will be led by 3 experienced dance artists: Matthieu Gaudeau, Laura Hicks, Clint Lutes.<\/p>\n<p id=\"m_7472735617978442821bloop_sign_1497197511690168832\" class=\"m_7472735617978442821bloop_sign\" style=\"text-align: justify;\">How are the tools and methods of practice in group improvisation able to identify the intersubjective experience?<\/p>\n<p id=\"m_7472735617978442821bloop_sign_1497197511690168832\" class=\"m_7472735617978442821bloop_sign\" style=\"text-align: justify;\">How do we decide on \u2018the rules\u2019 of being together?<\/p>\n<p id=\"m_7472735617978442821bloop_sign_1497197511690168832\" class=\"m_7472735617978442821bloop_sign\" style=\"text-align: justify;\">What attracts the attention of the collective in moments of interaction?<\/p>\n<p id=\"m_7472735617978442821bloop_sign_1497197511690168832\" class=\"m_7472735617978442821bloop_sign\" style=\"text-align: justify;\">By what means do we jointly create a \u2018grammer\u2019 for our interactions (synchronicity, emotional\/attentional tuning?)<\/p>\n<p id=\"m_7472735617978442821bloop_sign_1497197511690168832\" class=\"m_7472735617978442821bloop_sign\" style=\"text-align: justify;\">Dates:&nbsp;<a href=\"http:\/\/airmail.calendar\/2017-07-04%2012:00:00%20GMT+2\" target=\"_blank\" data-saferedirecturl=\"https:\/\/www.google.com\/url?hl=fr&amp;q=http:\/\/airmail.calendar\/2017-07-04%252012:00:00%2520GMT%2B2&amp;source=gmail&amp;ust=1497425257661000&amp;usg=AFQjCNGxidiyIvCuNJJLzRn8SKxxx7JDYQ\" rel=\"noopener\">http:\/\/airmail.calendar\/2017-07-04%2012:00:00%20GMT+2<\/a><\/p>\n<p id=\"m_7472735617978442821bloop_sign_1497197511690168832\" class=\"m_7472735617978442821bloop_sign\" style=\"text-align: justify;\">Hours:<\/p>\n<p id=\"m_7472735617978442821bloop_sign_1497197511690168832\" class=\"m_7472735617978442821bloop_sign\" style=\"text-align: justify;\">morning session:&nbsp;<a href=\"http:\/\/airmail.calendar\/2017-06-12%2009:00:00%20GMT+2\" target=\"_blank\" data-saferedirecturl=\"https:\/\/www.google.com\/url?hl=fr&amp;q=http:\/\/airmail.calendar\/2017-06-12%252009:00:00%2520GMT%2B2&amp;source=gmail&amp;ust=1497425257661000&amp;usg=AFQjCNFCsIkWpRDwJDpwt977uHx78iyPIw\" rel=\"noopener\">http:\/\/airmail.calendar\/2017-06-12%2009:00:00%20GMT+2<\/a><\/p>\n<p id=\"m_7472735617978442821bloop_sign_1497197511690168832\" class=\"m_7472735617978442821bloop_sign\" style=\"text-align: justify;\">afternoon sesison: 2Pm-6PM<\/p>\n<p id=\"m_7472735617978442821bloop_sign_1497197511690168832\" class=\"m_7472735617978442821bloop_sign\" style=\"text-align: justify;\">Your participation is desired! it is not necessary to be available for the whole week, only for ONE SESSSION (4h) .<\/p>\n<p id=\"m_7472735617978442821bloop_sign_1497197511690168832\" class=\"m_7472735617978442821bloop_sign\" style=\"text-align: justify;\">We need 15 participants per session.<\/p>\n<p id=\"m_7472735617978442821bloop_sign_1497197511690168832\" class=\"m_7472735617978442821bloop_sign\" style=\"text-align: justify;\">Thank your for sharing our event!!<\/p>\n<p id=\"m_7472735617978442821bloop_sign_1497197511690168832\" class=\"m_7472735617978442821bloop_sign\" style=\"text-align: justify;\">For questions, or to register your participation write to:&nbsp;<a href=\"mailto:contact.labodanse@gmail.com\" target=\"_blank\" rel=\"noopener\">contact.labodanse@gmail.com<\/a><\/p>\n<\/div>\n<\/div>\n<\/div>\n<hr>\n<h3>5 et 6 F\u00e9vrier 2016 &#8211; \u00c9v\u00e9nement pass\u00e9<\/h3>\n<table style=\"width: 777px; height: 379px;\">\n<tbody>\n<tr>\n<td><img loading=\"lazy\" class=\"alignnone wp-image-245\" src=\"http:\/\/esars.scicog.fr\/wp-content\/uploads\/2015\/12\/Affiche_RencontresAS_RVB.jpg\" alt=\"maquette\" width=\"263\" height=\"389\"><\/td>\n<td>\n<h3>Rencontres<br \/>\nArts &amp; Sciences :<br \/>\nNeurosciences,<br \/>\nEpist\u00e9mologie<br \/>\net Nouveaux<br \/>\nParadigmes<\/h3>\n<h4>organis\u00e9es par le GDR ESARS<br \/>\nles 5 et 6 F\u00e9vrier 2016<br \/>\nAmphi Giroud<br \/>\nCentre Universitaire des Saints-P\u00e8res Paris<\/h4>\n<\/td>\n<\/tr>\n<\/tbody>\n<\/table>\n<h4 style=\"text-align: justify;\"><a href=\"http:\/\/esars.scicog.fr\/wp-content\/uploads\/2016\/02\/flyer_Rencontres_fr.pdf\" target=\"_blank\" rel=\"noopener\">&gt; T\u00e9l\u00e9charger le programme<\/a><\/h4>\n<h4 style=\"text-align: justify;\"><a href=\"http:\/\/esars.scicog.fr\/wp-content\/uploads\/2016\/02\/flyer_Rencontres_en.pdf\" target=\"_blank\" rel=\"noopener\">&gt; Download the program<\/a><\/h4>\n<h4 style=\"text-align: justify;\"><a href=\"http:\/\/esars.scicog.fr\/?page_id=344\" target=\"_blank\" rel=\"noopener\">&gt; Proposer une pr\u00e9sentation \/ <em>Submit a contribution <\/em><\/a><\/h4>\n<h4><a href=\"http:\/\/esars.scicog.fr\/wp-content\/uploads\/2016\/02\/ABSTRACTS.pdf\" target=\"_blank\" rel=\"noopener\">&gt; T\u00e9l\u00e9charger les r\u00e9sum\u00e9s \/ <em>Download abstracts<\/em><\/a><\/h4>\n<hr>\n<h3>Architectural Creation Studio\/Seminar<br \/>\n@ENSAL Rencontre rapport\u00e9e \u00e0 une date ult\u00e9rieure<\/h3>\n<h3>Atelier\/S\u00e9minaire sur la Cr\u00e9ation Architecturale<br \/>\n@ENSAL<\/h3>\n<p><strong><em>Contact et Inscriptions\/Contact and Registration : eglantine.bigot-doll [at] lyon.archi.fr<\/em><\/strong><\/p>\n<h4 style=\"text-align: justify;\"><a href=\"http:\/\/esars.scicog.fr\/wp-content\/uploads\/2016\/01\/GDR_ESARS_Seminar_ENSAL_.pdf\" target=\"_blank\" rel=\"noopener\">&gt; T\u00e9l\u00e9charger le programme \/ Download program<\/a><\/h4>\n<hr>\n<h3>6 mai 2015 &#8211; <a href=\"http:\/\/www.lecube.com\/fr\/artistes-et-scientifiques-au-code-a-coude_2516\">S\u00e9minaire Artistiques et Scientifiques, au code \u00e0 coude<\/a><\/h3>\n<hr>\n<h3>23 et 24 avril 2015 &#8211; Rencontre internationale Puissances symboliques et fabulations mythiques dans les imaginaires sociaux \/ Performance Hantu (Entre-monde)<\/h3>\n<p><a href=\"http:\/\/esars.scicog.fr\/wp-content\/uploads\/2015\/04\/Hantu2.jpg\"><img loading=\"lazy\" class=\"alignnone size-medium wp-image-163\" src=\"http:\/\/esars.scicog.fr\/wp-content\/uploads\/2015\/04\/Hantu2-300x172.jpg\" alt=\"Hantu2\" width=\"300\" height=\"172\" srcset=\"https:\/\/esars.scicog.fr\/wp-content\/uploads\/2015\/04\/Hantu2-300x172.jpg 300w, https:\/\/esars.scicog.fr\/wp-content\/uploads\/2015\/04\/Hantu2-1024x587.jpg 1024w, https:\/\/esars.scicog.fr\/wp-content\/uploads\/2015\/04\/Hantu2.jpg 1454w\" sizes=\"(max-width: 300px) 100vw, 300px\" \/><\/a><\/p>\n<hr>\n<h3>10 avril 2015 &#8211; Journ\u00e9e interdisciplinaire Mod\u00e9lisations, simulations, cr\u00e9ations \/ Performance Hantu (Nymphaea Alba Ballet)<\/h3>\n<p><a href=\"http:\/\/esars.scicog.fr\/wp-content\/uploads\/2015\/04\/Hantu1.jpg\"><img loading=\"lazy\" class=\"alignnone size-medium wp-image-164\" src=\"http:\/\/esars.scicog.fr\/wp-content\/uploads\/2015\/04\/Hantu1-300x188.jpg\" alt=\"Hantu1\" width=\"300\" height=\"188\" srcset=\"https:\/\/esars.scicog.fr\/wp-content\/uploads\/2015\/04\/Hantu1-300x188.jpg 300w, https:\/\/esars.scicog.fr\/wp-content\/uploads\/2015\/04\/Hantu1-1024x640.jpg 1024w, https:\/\/esars.scicog.fr\/wp-content\/uploads\/2015\/04\/Hantu1.jpg 1417w\" sizes=\"(max-width: 300px) 100vw, 300px\" \/><\/a><\/p>\n<hr>\n<h3>16 d\u00e9cembre 2014 &#8211; <a href=\"http:\/\/esars.scicog.fr\/wp-content\/uploads\/2013\/12\/Programme_GDR_ESARS_16dec2014.pdf\">Kick-off meeting du GDR Esars<\/a><\/h3>\n<p><a href=\"http:\/\/esars.scicog.fr\/wp-content\/uploads\/2015\/03\/Fiche.pdf\">R\u00e9sum\u00e9s de quelques interventions<\/a><\/p>\n<hr>\n<h3>15-16 d\u00e9cembre 2014 &#8211;&nbsp;<strong><a title=\" \" href=\"http:\/\/repmus.ircam.fr\/jam2014\/home\" target=\"_blank\" rel=\"noopener\">MUSIQUE SAVANTE \/ MUSIQUES ACTUELLES : articulations &#8211; JAM14 : Journ\u00e9es d\u2019analyse musicale 2014 de la Sfam&nbsp;<\/a><\/strong><\/h3>\n<hr>\n<h3>25-26 septembre 2014 &#8211; <a title=\"Journ\u00e9es John Chowning et Jean-Claude Risset : pionniers de la computer music\" href=\"http:\/\/esars.scicog.fr\/wp-content\/uploads\/2014\/09\/2014_09_25_colloque-Chowning-Risset-Livret_Web.pdf\">Journ\u00e9es &#8220;John Chowning et Jean-Claude Risset : pionniers de la computer music&#8221;<\/a><\/h3>\n<h3><\/h3>\n<hr>\n<h3>19&nbsp;septembre 2014 &#8211;&nbsp;<strong><a title=\"Hantu Screening\" href=\"http:\/\/us8.campaign-archive2.com\/?u=95ad866452d0ac644d18ad54a&amp;id=b88d5048e1&amp;e=bab34a448f\" target=\"_blank\" rel=\"noopener\">Invitation to Hantu screening&nbsp;<\/a><\/strong><\/h3>\n<hr>\n<h3>15 avril 2014 &#8211; <a href=\"http:\/\/www.algomus.fr\/2014\/gdr-esars\/\">Mod\u00e8les formels et visualisations pour la musique : du classique \u00e0 la pop, Imaginarium (Lille\/Tourcoing)<\/a><\/h3>\n<hr>\n<h3>13 d\u00e9cembre 2013 &#8211; <a href=\"http:\/\/www.math.jussieu.fr\/~allouche\/arts-sciences2013\/gdr-esars-imera-13dec.pdf\">Art du Biofeedback, IMERA (Marseille)<\/a><\/h3>\n<hr>\n<h3>23 octobre 2013 &#8211; <a href=\"http:\/\/www.math.jussieu.fr\/~allouche\/arts-sciences2013\/gdr-oct2013.pdf\">S\u00e9minaire double<\/a><\/h3>\n<p>16h : Squinting painters &#8211; Des peintres strabiques &#8211; (JM Findlay, Pr. Universit\u00e9 Durham, UK)<br \/>\n18h : A comparison of the perception and evaluation of paintings viewed in the original vs reproduction formats &#8211; Comparaison<br \/>\nde la perception et de l&#8217;\u00e9valuation des tableaux vus en original vs reproduction &#8211; (P Locher, Montclair State University)<\/p>\n<hr>\n<h3>28 septembre 2013 &#8211; <a href=\"http:\/\/www.math.jussieu.fr\/~allouche\/arts-sciences2013\/Communique-de-Presse-ZKapoula-MarineVernet.pdf\">Journ\u00e9e Neurosciences, Esth\u00e9tique et Complexit\u00e9, Centre Universitaire des Saints-P\u00e8res (Paris)<\/a><\/h3>\n","protected":false},"excerpt":{"rendered":"<p>Appel \u00e0 projets : La cr\u00e9ation des nouveaux paradigmes Le GDR ESARS lance un appel \u00e0 projets sur la th\u00e9matique &#8220;Arts et Sciences&#8221;. L&#8217;objectif est de promouvoir la transdisciplinarit\u00e9, la cr\u00e9ativit\u00e9 scientifique et l&#8217;invention de nouveaux paradigmes exp\u00e9rimentaux repoussant les fronti\u00e8res \u00e9pist\u00e9mologiques, conceptuelles, structurelles et exp\u00e9rimentales. Le terrain d\u2019\u00e9tude est laiss\u00e9 libre : en institut, [&hellip;]<\/p>\n","protected":false},"author":1,"featured_media":0,"parent":0,"menu_order":2,"comment_status":"closed","ping_status":"closed","template":"","meta":[],"_links":{"self":[{"href":"https:\/\/esars.scicog.fr\/index.php?rest_route=\/wp\/v2\/pages\/43"}],"collection":[{"href":"https:\/\/esars.scicog.fr\/index.php?rest_route=\/wp\/v2\/pages"}],"about":[{"href":"https:\/\/esars.scicog.fr\/index.php?rest_route=\/wp\/v2\/types\/page"}],"author":[{"embeddable":true,"href":"https:\/\/esars.scicog.fr\/index.php?rest_route=\/wp\/v2\/users\/1"}],"replies":[{"embeddable":true,"href":"https:\/\/esars.scicog.fr\/index.php?rest_route=%2Fwp%2Fv2%2Fcomments&post=43"}],"version-history":[{"count":57,"href":"https:\/\/esars.scicog.fr\/index.php?rest_route=\/wp\/v2\/pages\/43\/revisions"}],"predecessor-version":[{"id":577,"href":"https:\/\/esars.scicog.fr\/index.php?rest_route=\/wp\/v2\/pages\/43\/revisions\/577"}],"wp:attachment":[{"href":"https:\/\/esars.scicog.fr\/index.php?rest_route=%2Fwp%2Fv2%2Fmedia&parent=43"}],"curies":[{"name":"wp","href":"https:\/\/api.w.org\/{rel}","templated":true}]}}