{"id":344,"date":"2015-12-21T09:21:15","date_gmt":"2015-12-21T09:21:15","guid":{"rendered":"http:\/\/esars.scicog.fr\/?page_id=344"},"modified":"2016-01-08T11:11:23","modified_gmt":"2016-01-08T11:11:23","slug":"344-2","status":"publish","type":"page","link":"https:\/\/esars.scicog.fr\/?page_id=344","title":{"rendered":"Proposer une intervention\/<i>Submit your contribution<\/i>"},"content":{"rendered":"<p style=\"text-align: justify;\">Les scientifiques peuvent proposer des pr\u00e9sentations affich\u00e9es (format a0).<br \/>\nMerci de nous envoyer un titre \u00e0 esars.cnrs[at]gmail.com<\/p>\n<p style=\"text-align: justify;\">Les artistes int\u00e9ress\u00e9s pour exposer leurs \u0153uvres ou pour effectuer une performance peuvent nous contacter et nous sp\u00e9cifier leurs besoins en espace et en mat\u00e9riel \u00e0 esars.cnrs[at]gmail.com<\/p>\n<p style=\"text-align: justify;\"><em>Scientists can propose poster presentations (format a0).<br \/>\nPlease send a title at esars.cnrs[at]gmail.com<\/em><\/p>\n<p style=\"text-align: justify;\"><em>Artists interested in performing or in exhibiting their own artworks are welcome to contact us to specify their needs in space and equipment at esars.cnrs[at]gmail.com<\/em><\/p>\n<p>> pour envoyer un mail remplacer [at] par @<\/p>\n","protected":false},"excerpt":{"rendered":"<p>Les scientifiques peuvent proposer des pr\u00e9sentations affich\u00e9es (format a0). Merci de nous envoyer un titre \u00e0 esars.cnrs[at]gmail.com Les artistes int\u00e9ress\u00e9s pour exposer leurs \u0153uvres ou pour effectuer une performance peuvent nous contacter et nous sp\u00e9cifier leurs besoins en espace et en mat\u00e9riel \u00e0 esars.cnrs[at]gmail.com Scientists can propose poster presentations (format a0). Please send a title [&hellip;]<\/p>\n","protected":false},"author":37,"featured_media":0,"parent":0,"menu_order":0,"comment_status":"closed","ping_status":"closed","template":"","meta":[],"_links":{"self":[{"href":"https:\/\/esars.scicog.fr\/index.php?rest_route=\/wp\/v2\/pages\/344"}],"collection":[{"href":"https:\/\/esars.scicog.fr\/index.php?rest_route=\/wp\/v2\/pages"}],"about":[{"href":"https:\/\/esars.scicog.fr\/index.php?rest_route=\/wp\/v2\/types\/page"}],"author":[{"embeddable":true,"href":"https:\/\/esars.scicog.fr\/index.php?rest_route=\/wp\/v2\/users\/37"}],"replies":[{"embeddable":true,"href":"https:\/\/esars.scicog.fr\/index.php?rest_route=%2Fwp%2Fv2%2Fcomments&post=344"}],"version-history":[{"count":12,"href":"https:\/\/esars.scicog.fr\/index.php?rest_route=\/wp\/v2\/pages\/344\/revisions"}],"predecessor-version":[{"id":405,"href":"https:\/\/esars.scicog.fr\/index.php?rest_route=\/wp\/v2\/pages\/344\/revisions\/405"}],"wp:attachment":[{"href":"https:\/\/esars.scicog.fr\/index.php?rest_route=%2Fwp%2Fv2%2Fmedia&parent=344"}],"curies":[{"name":"wp","href":"https:\/\/api.w.org\/{rel}","templated":true}]}}